{"id":1020,"date":"2014-12-21T14:56:33","date_gmt":"2014-12-21T12:56:33","guid":{"rendered":"https:\/\/www.schornsteinmarkt.de\/rauchzeichen\/?page_id=1020"},"modified":"2022-12-30T11:13:37","modified_gmt":"2022-12-30T09:13:37","slug":"im-netz-entdeckt","status":"publish","type":"page","link":"https:\/\/www.cafiro.de\/rauchzeichen\/im-netz-entdeckt\/","title":{"rendered":"Im Netz entdeckt"},"content":{"rendered":"<p>Es passieren immer wieder skurrile, lustige und manchmal auch spektakul\u00e4re Dinge im Zusammenhang mit Feuer, Kaminen und Schornsteinen. Dank der bekannten Video-Plattformen werden wir alle Zeugen dieser Geschichten.<\/p>\n<p>Daneben gibt es auch handfeste Informationen in Videoform im Netz. Diese wollen wir ihnen nat\u00fcrlich auch nicht vorenthalten.<\/p>\n<p>Die besten Videos ver\u00f6ffentlichen wir hier und w\u00fcnschen viel Spa\u00df beim Anschauen.<\/p>\n<h2>Videos zu Schornsteinen und Kaminen<\/h2>\n<div style=\"padding-left: 25px;\"><iframe loading=\"lazy\" src=\"\/\/www.youtube.com\/embed\/ouU4vSsknqQ\" width=\"90%\" height=\"315px\" frameborder=\"0\" allowfullscreen=\"allowfullscreen\"><\/iframe><\/div>\n<div style=\"padding-left: 25px; width: 90%;\">Da es als Frage immernoch sehr oft an uns heran getragen wird, hier ein Video zu den \u00dcbergangsvorschriften zur 1. BimschV, Stilllegungsfristen und den Alternativen &#8211; ein Videobeitrag der Landesschau Baden-W\u00fcrtemberg vom 12.01.2015.<\/div>\n<div style=\"padding-left: 25px;\"><iframe loading=\"lazy\" src=\"\/\/www.youtube.com\/embed\/kNh0Z8uq8_w\" width=\"90%\" height=\"315px\" frameborder=\"0\" allowfullscreen=\"allowfullscreen\"><\/iframe><\/div>\n<div style=\"padding-left: 25px; width: 90%;\">In diesem Videoclip erkl\u00e4rt das DEPI die Vorz\u00fcge von Holzpellets ausf\u00fchrlich und anschaulich.<\/div>\n<div style=\"padding-left: 25px;\"><iframe loading=\"lazy\" src=\"https:\/\/www.youtube.com\/embed\/n9jrx2RTfsQ\" width=\"90%\" height=\"315\" frameborder=\"0\" allowfullscreen=\"allowfullscreen\"><\/iframe><\/div>\n<div style=\"padding-left: 25px; width: 90%;\">Das Team Survival Deutschland zeigt drei Wege Feuer ohne technische Hilfsmittel zu machen. Wir sind beeindruckt.<\/div>\n<div style=\"padding-left: 25px;\"><iframe loading=\"lazy\" src=\"https:\/\/www.youtube.com\/embed\/v2U_WqhQhbc\" width=\"90%\" height=\"315\" frameborder=\"0\" allowfullscreen=\"allowfullscreen\"><\/iframe><\/div>\n<div style=\"padding-left: 25px; width: 90%;\">So werden Pellets hergestellt &#8211; kinderleicht erkl\u00e4rt in der Sendung mit der Maus<\/div>\n<div style=\"padding-left: 25px;\"><iframe loading=\"lazy\" src=\"https:\/\/www.youtube.com\/embed\/QakWFvc--1A\" width=\"90%\" height=\"315\" frameborder=\"0\" allowfullscreen=\"allowfullscreen\"><\/iframe><\/div>\n<div style=\"padding-left: 25px; width: 90%;\">Wiegald Boning und Bernhard Hoecker entz\u00fcnden in Ihrer ZDF Sendung &#8222;Nicht nachmachen&#8220; einen Schornstein um ihn frei zu blasen!<\/div>\n\n\n<p><\/p>\n","protected":false},"excerpt":{"rendered":"<p>Es passieren immer wieder skurrile, lustige und manchmal auch spektakul\u00e4re Dinge im Zusammenhang mit Feuer, Kaminen und Schornsteinen. Dank der bekannten Video-Plattformen werden wir alle Zeugen dieser Geschichten. Daneben gibt es auch handfeste Informationen in Videoform im Netz. Diese wollen wir ihnen nat\u00fcrlich auch nicht vorenthalten. Die besten Videos ver\u00f6ffentlichen wir hier und w\u00fcnschen viel [&hellip;]<\/p>\n","protected":false},"author":3,"featured_media":0,"parent":0,"menu_order":0,"comment_status":"open","ping_status":"open","template":"","meta":{"footnotes":""},"_links":{"self":[{"href":"https:\/\/www.cafiro.de\/rauchzeichen\/wp-json\/wp\/v2\/pages\/1020"}],"collection":[{"href":"https:\/\/www.cafiro.de\/rauchzeichen\/wp-json\/wp\/v2\/pages"}],"about":[{"href":"https:\/\/www.cafiro.de\/rauchzeichen\/wp-json\/wp\/v2\/types\/page"}],"author":[{"embeddable":true,"href":"https:\/\/www.cafiro.de\/rauchzeichen\/wp-json\/wp\/v2\/users\/3"}],"replies":[{"embeddable":true,"href":"https:\/\/www.cafiro.de\/rauchzeichen\/wp-json\/wp\/v2\/comments?post=1020"}],"version-history":[{"count":35,"href":"https:\/\/www.cafiro.de\/rauchzeichen\/wp-json\/wp\/v2\/pages\/1020\/revisions"}],"predecessor-version":[{"id":8555,"href":"https:\/\/www.cafiro.de\/rauchzeichen\/wp-json\/wp\/v2\/pages\/1020\/revisions\/8555"}],"wp:attachment":[{"href":"https:\/\/www.cafiro.de\/rauchzeichen\/wp-json\/wp\/v2\/media?parent=1020"}],"curies":[{"name":"wp","href":"https:\/\/api.w.org\/{rel}","templated":true}]}}